{"id":3,"date":"2018-11-28T17:18:33","date_gmt":"2018-11-28T16:18:33","guid":{"rendered":"https:\/\/peterpuetz.com\/?page_id=3"},"modified":"2021-12-15T17:53:45","modified_gmt":"2021-12-15T16:53:45","slug":"datenschutz","status":"publish","type":"page","link":"https:\/\/peterpuetz.com\/en\/datenschutz\/","title":{"rendered":"Data protection","raw":"Data protection"},"content":{"rendered":"<h1>DATENSCHUTZHINWEIS<\/h1>\n<p>Die Nutzung dieser Webseite ist regelm\u00e4\u00dfig ohne Angabe personenbezogener Daten m\u00f6glich. Sollten solche personenbezogenen Daten auf dieser Webseite dennoch erhoben werden, so erfolgt dies in Form einer freiwilligen Datenangabe durch den Nutzer beispielsweise durch E-Mail. Eine Weitergabe der personenbezogenen Daten an Dritte erfolgt nicht, sofern keine ausdr\u00fcckliche Zustimmung des Nutzers abgegeben wurde.<\/p>\n<p>Bitte beachten Sie, dass trotz gr\u00f6\u00dfter Sorgfalt die Daten\u00fcbertragung im Internet stets mit Risiken, die auf Sicherheitsl\u00fccken basieren, verbunden ist. Der uneingeschr\u00e4nkte Schutz von Daten ist daher unm\u00f6glich.<\/p>\n","protected":false,"raw":"<h1>DATENSCHUTZHINWEIS<\/h1>\r\nDie Nutzung dieser Webseite ist regelm\u00e4\u00dfig ohne Angabe personenbezogener Daten m\u00f6glich. Sollten solche personenbezogenen Daten auf dieser Webseite dennoch erhoben werden, so erfolgt dies in Form einer freiwilligen Datenangabe durch den Nutzer beispielsweise durch E-Mail. Eine Weitergabe der personenbezogenen Daten an Dritte erfolgt nicht, sofern keine ausdr\u00fcckliche Zustimmung des Nutzers abgegeben wurde.\r\n\r\nBitte beachten Sie, dass trotz gr\u00f6\u00dfter Sorgfalt die Daten\u00fcbertragung im Internet stets mit Risiken, die auf Sicherheitsl\u00fccken basieren, verbunden ist. Der uneingeschr\u00e4nkte Schutz von Daten ist daher unm\u00f6glich."},"excerpt":{"rendered":"","protected":false,"raw":""},"author":1,"featured_media":0,"parent":0,"menu_order":0,"comment_status":"closed","ping_status":"open","template":"","meta":{"_de_post_content":"<h1>DATENSCHUTZHINWEIS<\/h1>\r\nDie Nutzung dieser Webseite ist regelm\u00e4\u00dfig ohne Angabe personenbezogener Daten m\u00f6glich. Sollten solche personenbezogenen Daten auf dieser Webseite dennoch erhoben werden, so erfolgt dies in Form einer freiwilligen Datenangabe durch den Nutzer beispielsweise durch E-Mail. Eine Weitergabe der personenbezogenen Daten an Dritte erfolgt nicht, sofern keine ausdr\u00fcckliche Zustimmung des Nutzers abgegeben wurde.\r\n\r\nBitte beachten Sie, dass trotz gr\u00f6\u00dfter Sorgfalt die Daten\u00fcbertragung im Internet stets mit Risiken, die auf Sicherheitsl\u00fccken basieren, verbunden ist. Der uneingeschr\u00e4nkte Schutz von Daten ist daher unm\u00f6glich.","_de_post_name":"datenschutz","_de_post_excerpt":"","_de_post_title":"Datenschutz","_en_post_content":"<h1>DATENSCHUTZHINWEIS<\/h1>\r\nDie Nutzung dieser Webseite ist regelm\u00e4\u00dfig ohne Angabe personenbezogener Daten m\u00f6glich. Sollten solche personenbezogenen Daten auf dieser Webseite dennoch erhoben werden, so erfolgt dies in Form einer freiwilligen Datenangabe durch den Nutzer beispielsweise durch E-Mail. Eine Weitergabe der personenbezogenen Daten an Dritte erfolgt nicht, sofern keine ausdr\u00fcckliche Zustimmung des Nutzers abgegeben wurde.\r\n\r\nBitte beachten Sie, dass trotz gr\u00f6\u00dfter Sorgfalt die Daten\u00fcbertragung im Internet stets mit Risiken, die auf Sicherheitsl\u00fccken basieren, verbunden ist. Der uneingeschr\u00e4nkte Schutz von Daten ist daher unm\u00f6glich.","_en_post_name":"datenschutz","_en_post_excerpt":"","_en_post_title":"Data protection","edit_language":"en"},"_links":{"self":[{"href":"https:\/\/peterpuetz.com\/en\/wp-json\/wp\/v2\/pages\/3"}],"collection":[{"href":"https:\/\/peterpuetz.com\/en\/wp-json\/wp\/v2\/pages"}],"about":[{"href":"https:\/\/peterpuetz.com\/en\/wp-json\/wp\/v2\/types\/page"}],"author":[{"embeddable":true,"href":"https:\/\/peterpuetz.com\/en\/wp-json\/wp\/v2\/users\/1"}],"replies":[{"embeddable":true,"href":"https:\/\/peterpuetz.com\/en\/wp-json\/wp\/v2\/comments?post=3"}],"version-history":[{"count":1,"href":"https:\/\/peterpuetz.com\/en\/wp-json\/wp\/v2\/pages\/3\/revisions"}],"predecessor-version":[{"id":10,"href":"https:\/\/peterpuetz.com\/en\/wp-json\/wp\/v2\/pages\/3\/revisions\/10"}],"wp:attachment":[{"href":"https:\/\/peterpuetz.com\/en\/wp-json\/wp\/v2\/media?parent=3"}],"curies":[{"name":"wp","href":"https:\/\/api.w.org\/{rel}","templated":true}]}}