{"id":15,"date":"2018-11-28T21:35:59","date_gmt":"2018-11-28T20:35:59","guid":{"rendered":"https:\/\/peterpuetz.com\/de\/?page_id=15"},"modified":"2025-08-19T11:18:56","modified_gmt":"2025-08-19T09:18:56","slug":"impressum","status":"publish","type":"page","link":"https:\/\/peterpuetz.com\/de\/impressum\/","title":{"rendered":"Impressum"},"content":{"rendered":"<div id=\"box-left\">\n<h1>HERAUSGEBER<\/h1>\n<p>VERANTWORTLICH F\u00dcR DIE INHALTE<br \/>\nDER WEBSITE WWW.PETERPUETZ.COM:<\/p>\n<p>JUWELIER PETER P\u00dcTZ<br \/>\nST. &#8211; APERN &#8211; STRASSE 2<br \/>\n50667 K\u00d6LN<br \/>\nFON. +49 &#8211; 221\/2574995<br \/>\n<a title=\"eMail schreiben\" href=\"mailto:service@peterpuetz.com\">service@peterpuetz.com<\/a><\/p>\n<p>ENTWICKLUNG &amp; PFLEGE<br \/>\nLITHOWERK DESIGN &amp; MEDIEN<\/p>\n<\/div>\n<div id=\"box-right\">\n<h1>ALLE RECHTE VORBEHALTEN<\/h1>\n<p>DIE ABGEBILDETEN SCHMUCKST\u00dcCKE SOWIE DIE KUNSTGEGENST\u00c4NDE SELBST SIND URHEBERRECHTLICH GESCH\u00dcTZT.<\/p>\n<p>JEGLICHE ART DER NACHAHMUNG, VERVIELF\u00c4LTIGUNG UND VERBREITUNG OHNE ZUSTIMMUNG DES URHEBERS IST UNTERSAGT.<\/p>\n<p>APRIL 2009<\/p>\n<p>TROTZ SORGF\u00c4LTIGER PR\u00dcFUNG \u00dcBERNEHMEN WIR KEINE HAFTUNG F\u00dcR DIE RICHTIGKEIT DER INHALTE AUF WWW.PETERPUETZ.COM<\/p>\n<\/div>\n","protected":false},"excerpt":{"rendered":"<p>HERAUSGEBER VERANTWORTLICH F\u00dcR DIE INHALTE DER WEBSITE WWW.PETERPUETZ.COM: JUWELIER PETER P\u00dcTZ ST. &#8211; APERN &#8211; STRASSE 2 50667 K\u00d6LN FON. +49 &#8211; 221\/2574995 service@peterpuetz.com ENTWICKLUNG &amp; PFLEGE LITHOWERK DESIGN &amp; MEDIEN ALLE RECHTE VORBEHALTEN DIE ABGEBILDETEN SCHMUCKST\u00dcCKE SOWIE DIE KUNSTGEGENST\u00c4NDE SELBST SIND URHEBERRECHTLICH GESCH\u00dcTZT. JEGLICHE ART DER NACHAHMUNG, VERVIELF\u00c4LTIGUNG UND VERBREITUNG OHNE ZUSTIMMUNG DES URHEBERS [&hellip;]<\/p>\n","protected":false},"author":1,"featured_media":0,"parent":0,"menu_order":0,"comment_status":"closed","ping_status":"closed","template":"","meta":{"_de_post_content":"<div id=\"box-left\">\r\n<h1>HERAUSGEBER<\/h1>\r\nVERANTWORTLICH F\u00dcR DIE INHALTE\r\nDER WEBSITE WWW.PETERPUETZ.COM:\r\n\r\nJUWELIER PETER P\u00dcTZ\r\nST. - APERN - STRASSE 2\r\n50667 K\u00d6LN\r\nFON. +49 - 221\/2574995\r\n<a title=\"eMail schreiben\" href=\"mailto:service@peterpuetz.com\">service@peterpuetz.com<\/a>\r\n\r\nENTWICKLUNG &amp; PFLEGE\r\nLITHOWERK DESIGN &amp; MEDIEN\r\n\r\n<\/div>\r\n<div id=\"box-right\">\r\n<h1>ALLE RECHTE VORBEHALTEN<\/h1>\r\nDIE ABGEBILDETEN SCHMUCKST\u00dcCKE SOWIE DIE KUNSTGEGENST\u00c4NDE SELBST SIND URHEBERRECHTLICH GESCH\u00dcTZT.\r\n\r\nJEGLICHE ART DER NACHAHMUNG, VERVIELF\u00c4LTIGUNG UND VERBREITUNG OHNE ZUSTIMMUNG DES URHEBERS IST UNTERSAGT.\r\n\r\nAPRIL 2009\r\n\r\nTROTZ SORGF\u00c4LTIGER PR\u00dcFUNG \u00dcBERNEHMEN WIR KEINE HAFTUNG F\u00dcR DIE RICHTIGKEIT DER INHALTE AUF WWW.PETERPUETZ.COM\r\n\r\n<\/div>","_de_post_name":"impressum","_de_post_excerpt":"","_de_post_title":"Impressum","_en_post_content":"<div id=\"box-left\">\r\n<h1>PUBLISHER<\/h1>\r\nRESPONSIBLE FOR THE CONTENTS OF\r\nTHE WEB SITE WWW.PETERPUETZ.COM:\r\n\r\nJUWELIER PETER P\u00dcTZ\r\nST. - APERN - STRASSE 17 - 21\r\nD-50667 K\u00d6LN\r\nFON. +49 - 221\/2574995\r\nFAX. +49 - 221\/2572210\r\n<a title=\"Send eMail\" href=\"mailto:service@peterpuetz.com\"> service@peterpuetz.com<\/a>\r\n\r\nDevelopment &amp; Maintenance:\r\nLithowerk Design &amp; Medien\r\n\r\n<\/div>\r\n<div id=\"box-right\">\r\n<h1>ALL RIGHTS RESERVED<\/h1>\r\nEVERY ITEM SHOWN IS UNDER COPYRIGHT PROTECTION. ANY ATTEMPT TO COPY, DUPLICATE AND TO DISTRIBUTE WITHOUT PERMISSION OF THE AUTHOR IS FORBIDDEN.\r\n\r\nAPRIL 2009\r\n\r\nIN SPITE OF CAREFUL EXAMINATION,\r\nALL STATEMENTS ON THE WEBSITE WWW.PETERPUETZ.COM ARE WITHOUT WARRANT.\r\n\r\n<\/div>","_en_post_name":"legal-notice","_en_post_excerpt":"","_en_post_title":"Legal Notice","edit_language":"de"},"_links":{"self":[{"href":"https:\/\/peterpuetz.com\/de\/wp-json\/wp\/v2\/pages\/15"}],"collection":[{"href":"https:\/\/peterpuetz.com\/de\/wp-json\/wp\/v2\/pages"}],"about":[{"href":"https:\/\/peterpuetz.com\/de\/wp-json\/wp\/v2\/types\/page"}],"author":[{"embeddable":true,"href":"https:\/\/peterpuetz.com\/de\/wp-json\/wp\/v2\/users\/1"}],"replies":[{"embeddable":true,"href":"https:\/\/peterpuetz.com\/de\/wp-json\/wp\/v2\/comments?post=15"}],"version-history":[{"count":3,"href":"https:\/\/peterpuetz.com\/de\/wp-json\/wp\/v2\/pages\/15\/revisions"}],"predecessor-version":[{"id":1060,"href":"https:\/\/peterpuetz.com\/de\/wp-json\/wp\/v2\/pages\/15\/revisions\/1060"}],"wp:attachment":[{"href":"https:\/\/peterpuetz.com\/de\/wp-json\/wp\/v2\/media?parent=15"}],"curies":[{"name":"wp","href":"https:\/\/api.w.org\/{rel}","templated":true}]}}